{"id":15282,"date":"2014-06-03T07:58:17","date_gmt":"2014-06-03T07:58:17","guid":{"rendered":"http:\/\/demo.qodeinteractive.com\/bridge11\/?page_id=15282"},"modified":"2015-09-08T11:06:18","modified_gmt":"2015-09-08T16:06:18","slug":"quienes-somos","status":"publish","type":"page","link":"https:\/\/akustica.com.mx\/index.php\/quienes-somos\/","title":{"rendered":"quienes somos"},"content":{"rendered":"<div    class=\"vc_row wpb_row section vc_row-fluid grid_section\" style=' text-align:center;'><div class=\" section_inner clearfix\"><div class='section_inner_margin clearfix'>\n\t<div class=\"vc_col-sm-12 wpb_column vc_column_container \">\n\t\t<div class=\"wpb_wrapper\">\n\t\t\t<div class=\"separator  transparent center  \" style=\"margin-top: 80px;\"><\/div>\n\n\t<div class=\"wpb_text_column wpb_content_element \">\n\t\t<div class=\"wpb_wrapper\">\n\t\t\t<p style=\"text-align: left;\"><span class='q_dropcap square' style='background-color: #000099; color: #ffffff; border-color: #000099;'>A<\/span> lo largo de 11 a\u00f1os <strong>hemos evolucionando<\/strong> y hemos desarrollado un valor agregado para todos nuestros clientes instalando sistemas y ofreciendo <strong>soluciones tecnol\u00f3gicas<\/strong> a las necesidades e ideas de nuestros clientes, ofrecemos desde el sistema m\u00e1s sencillo, hasta las <strong>m\u00e1s altas tecnolog\u00edas existentes<\/strong> en el mercado actual.<\/p>\n<p>&nbsp;<\/p>\n<h1 style=\"text-align: left;\">Soluciones Especializadas<\/h1>\n<p style=\"text-align: left;\">Nuestra misi\u00f3n es ofrecer <strong>soluciones especializadas<\/strong> para aplicar las tecnolog\u00edas m\u00e1s innovadoras de Audio, Video, Redes ,CCTV ,Control de Iluminaci\u00f3n y Automatizaci\u00f3n, dentro de los mercados residenciales, corporativos e industriales, ofreciendo un <strong>servicio personalizado<\/strong>, enfocado a las necesidades tecnol\u00f3gicas, ideas, y presupuesto de cada uno de nuestros clientes.<\/p>\n<p>&nbsp;<\/p>\n<p style=\"text-align: left;\">En Akustica tambi\u00e9n <a href=\"http:\/\/mareblue.com.mx\/akustica2\/index.php\/akustica-proyectos\/\">desarrollamos proyectos<\/a>, <strong>dise\u00f1os y damos\u00a0 asesor\u00eda<\/strong>, con todo lo relacionado con los m\u00e1s avanzados sistemas tecnol\u00f3gicos en audio, video, control de iluminaci\u00f3n, automatizaci\u00f3n y tecnolog\u00eda para el hogar, profesional y comercial.<\/p>\n<p>&nbsp;<\/p>\n<p style=\"text-align: left;\"><strong>Somos pioneros<\/strong> en instalaciones de Audio e Iluminaci\u00f3n inteligente en el sureste de M\u00e9xico y contamos con <strong>las mejores marcas<\/strong> para distribuci\u00f3n en audio, video e iluminaci\u00f3n como Bose, Boston Acoustics, JBL, Denon, Yamaha, Russound, Crown, Peavey, Pioneer, Shure, QSC, Sharp, Comprehensive, entre otras.<\/p>\n<p>&nbsp;<\/p>\n<p style=\"text-align: left;\">Nuestro servicio es <strong>completamente personalizado<\/strong> y dirigido a las necesidades especificas de todos nuestros clientes.<\/p>\n<p>&nbsp;<\/p>\n<h1 style=\"text-align: left;\">Valor y calidad por encima de todo<\/h1>\n<p style=\"text-align: left;\">Tenemos la <strong>firme convicci\u00f3n<\/strong> de ofrecer <strong>soluciones especializadas<\/strong> para aplicar las tecnolog\u00edas m\u00e1s innovadoras de Audio, Video, Redes ,CCTV ,Control de Iluminaci\u00f3n y Automatizaci\u00f3n, dentro de los mercados residenciales, corporativos e industriales, ofreciendo un <strong>servicio personalizado<\/strong>, enfocado a las necesidades tecnol\u00f3gicas, ideas, y presupuesto de cada uno de nuestros clientes.<\/p>\n<p>&nbsp;<\/p>\n<p style=\"text-align: left;\">Tenemos la <strong>clara visi\u00f3n<\/strong> de continuar siendo una empresa innovadora con los <strong>m\u00e1s altos est\u00e1ndares de calidad<\/strong> en la prestaci\u00f3n de nuestros servicios, buscando revolucionar en campo de la producci\u00f3n, ambientaci\u00f3n y sistematizaci\u00f3n de los hogares y negocios, asegur\u00e1ndonos de\u00a0 que todos y cada uno de nuestros consumidores de tecnolog\u00eda <strong>aprovechen al m\u00e1ximo<\/strong> las innovaciones tecnol\u00f3gicas y la convergencia digital para <strong>eficientar<\/strong> los recursos de las empresas y residencias y mejorar los espacios habitables de las personas.<\/p>\n\n\t\t<\/div> \n\t<\/div> <div class=\"vc_empty_space\"  style=\"height: 50px\" ><span class=\"vc_empty_space_inner\"><\/span><\/div>\n\n\n\t\t<\/div> \n\t<\/div> \n<\/div><\/div><\/div><div    class=\"vc_row wpb_row section vc_row-fluid grid_section\" style=' text-align:left;'><div class=\" section_inner clearfix\"><div class='section_inner_margin clearfix'>\n\t<div class=\"vc_col-sm-12 wpb_column vc_column_container \">\n\t\t<div class=\"wpb_wrapper\">\n\t\t\t\n\t<div class=\"wpb_text_column wpb_content_element \">\n\t\t<div class=\"wpb_wrapper\">\n\t\t\t<h1 style=\"text-align: center;\">Nuestros mercados<\/h1>\n\n\t\t<\/div> \n\t<\/div> <div class=\"separator  small center  \" style=\"background-color: #000099;opacity: 1;height: 3px;width: 50%;\"><\/div>\n<div class=\"vc_empty_space\"  style=\"height: 20px\" ><span class=\"vc_empty_space_inner\"><\/span><\/div>\n\n\n\t\t<\/div> \n\t<\/div> \n<\/div><\/div><\/div><div    class=\"vc_row wpb_row section vc_row-fluid grid_section\" style=' text-align:left;'><div class=\" section_inner clearfix\"><div class='section_inner_margin clearfix'>\n\t<div class=\"vc_col-sm-4 wpb_column vc_column_container \">\n\t\t<div class=\"wpb_wrapper\">\n\t\t\t\n\t<div class=\"wpb_text_column wpb_content_element \">\n\t\t<div class=\"wpb_wrapper\">\n\t\t\t<h1><img loading=\"lazy\" decoding=\"async\" class=\"alignleft wp-image-16498 size-full\" src=\"http:\/\/akustica.com.mx\/wp-content\/uploads\/2015\/05\/comercial.png\" alt=\"comercial\" width=\"100\" height=\"100\" \/>Comercial<\/h1>\n<p>Atendemos <strong>locales comerciales<\/strong> como lo son Bares, Restaurantes, Gimnasios, Auditorios, Cines, Centros Comerciales y Tiendas.\u2028\u2028 Adaptando las <strong>mejores marca<\/strong>s de productos del mercado en lo referente al Audio, Video, Iluminaci\u00f3n, Automatizaci\u00f3n, Circuito Cerrado; para el desarrollo de cualquier <strong>proyecto ac\u00fastico<\/strong> y <strong>espacio inteligente<\/strong>.<\/p>\n\n\t\t<\/div> \n\t<\/div> \n\t\t<\/div> \n\t<\/div> \n\n\t<div class=\"vc_col-sm-4 wpb_column vc_column_container \">\n\t\t<div class=\"wpb_wrapper\">\n\t\t\t\n\t<div class=\"wpb_text_column wpb_content_element \">\n\t\t<div class=\"wpb_wrapper\">\n\t\t\t<h1><img loading=\"lazy\" decoding=\"async\" class=\" size-full wp-image-16500 alignleft\" src=\"http:\/\/akustica.com.mx\/wp-content\/uploads\/2015\/05\/residencial.png\" alt=\"residencial\" width=\"100\" height=\"100\" \/>Residencial<\/h1>\n<p>Nuestro es el mejor lugar para descansar y disfrutarlo, por eso te ofrecemos la oportunidad de adaptarlo con las mejores tecnolog\u00edas de Audio, Video, Iluminacion, Automatizaci\u00f3n Y Circuito Cerrado.<\/p>\n\n\t\t<\/div> \n\t<\/div> \n\t\t<\/div> \n\t<\/div> \n\n\t<div class=\"vc_col-sm-4 wpb_column vc_column_container \">\n\t\t<div class=\"wpb_wrapper\">\n\t\t\t\n\t<div class=\"wpb_text_column wpb_content_element \">\n\t\t<div class=\"wpb_wrapper\">\n\t\t\t<h1><img loading=\"lazy\" decoding=\"async\" class=\" size-full wp-image-16499 alignleft\" src=\"http:\/\/akustica.com.mx\/wp-content\/uploads\/2015\/05\/empresarial.png\" alt=\"empresarial\" width=\"100\" height=\"100\" \/>Empresarial<\/h1>\n<p>Ofrecemos nuestros servicios para <strong>cualquier tipo de Empresa<\/strong> en el desarrollo de <strong>proyectos dentro de sus instalaciones<\/strong> como son: Teatros, Salas de Juntas, Show Room, Control de equipos, Mantenimiento y capacitaci\u00f3n del uso de equipos, Atenci\u00f3n para la red de computo y telef\u00f3nica, Salas Multimedia, mantenimiento del equipo, Monitoreo por circuito cerrado v\u00eda internet, etc.<\/p>\n\n\t\t<\/div> \n\t<\/div> \n\t\t<\/div> \n\t<\/div> \n<\/div><\/div><\/div><div    class=\"vc_row wpb_row section vc_row-fluid\" style=' text-align:left;'><div class=\" full_section_inner clearfix\">\n\t<div class=\"vc_col-sm-12 wpb_column vc_column_container \">\n\t\t<div class=\"wpb_wrapper\">\n\t\t\t<div class=\"vc_empty_space\"  style=\"height: 50px\" ><span class=\"vc_empty_space_inner\"><\/span><\/div>\n\n\n\t\t<\/div> \n\t<\/div> \n<\/div><\/div><div    class=\"vc_row wpb_row section vc_row-fluid grid_section\" style=' text-align:left;'><div class=\" section_inner clearfix\"><div class='section_inner_margin clearfix'>\n\t<div class=\"vc_col-sm-12 wpb_column vc_column_container \">\n\t\t<div class=\"wpb_wrapper\">\n\t\t\t\n\t<div class=\"wpb_text_column wpb_content_element \">\n\t\t<div class=\"wpb_wrapper\">\n\t\t\t<h1 style=\"text-align: center;\">Nuestras marcas<\/h1>\n\n\t\t<\/div> \n\t<\/div> <div class=\"separator  small center  \" style=\"background-color: #000099;opacity: 1;height: 3px;width: 50%;\"><\/div>\n<div class=\"vc_empty_space\"  style=\"height: 20px\" ><span class=\"vc_empty_space_inner\"><\/span><\/div>\n\n<div class='qode_carousels_holder clearfix'><div class='qode_carousels'><ul class='slides'><li class='item'><div class=\"carousel_item_holder\"><span class='first_image_holder '><img loading=\"lazy\" decoding=\"async\" width=\"150\" height=\"150\" src=\"https:\/\/akustica.com.mx\/wp-content\/uploads\/2015\/05\/shure1-150x150.jpg\" class=\"attachment-thumbnail size-thumbnail\" alt=\"Shure\" srcset=\"https:\/\/akustica.com.mx\/wp-content\/uploads\/2015\/05\/shure1-150x150.jpg 150w, https:\/\/akustica.com.mx\/wp-content\/uploads\/2015\/05\/shure1-300x300.jpg 300w, https:\/\/akustica.com.mx\/wp-content\/uploads\/2015\/05\/shure1.jpg 400w\" sizes=\"(max-width: 150px) 100vw, 150px\" \/><\/span><\/div><\/li><li class='item'><div class=\"carousel_item_holder\"><span class='first_image_holder '><img loading=\"lazy\" decoding=\"async\" width=\"150\" height=\"150\" src=\"https:\/\/akustica.com.mx\/wp-content\/uploads\/2015\/05\/pioneer1-150x150.jpg\" class=\"attachment-thumbnail size-thumbnail\" alt=\"Pioneer\" srcset=\"https:\/\/akustica.com.mx\/wp-content\/uploads\/2015\/05\/pioneer1-150x150.jpg 150w, https:\/\/akustica.com.mx\/wp-content\/uploads\/2015\/05\/pioneer1-300x300.jpg 300w, https:\/\/akustica.com.mx\/wp-content\/uploads\/2015\/05\/pioneer1.jpg 400w\" sizes=\"(max-width: 150px) 100vw, 150px\" \/><\/span><\/div><\/li><li class='item'><div class=\"carousel_item_holder\"><span class='first_image_holder '><img loading=\"lazy\" decoding=\"async\" width=\"150\" height=\"150\" src=\"https:\/\/akustica.com.mx\/wp-content\/uploads\/2015\/05\/bose2-150x150.jpg\" class=\"attachment-thumbnail size-thumbnail\" alt=\"Bose\" srcset=\"https:\/\/akustica.com.mx\/wp-content\/uploads\/2015\/05\/bose2-150x150.jpg 150w, https:\/\/akustica.com.mx\/wp-content\/uploads\/2015\/05\/bose2-300x300.jpg 300w, https:\/\/akustica.com.mx\/wp-content\/uploads\/2015\/05\/bose2.jpg 400w\" sizes=\"(max-width: 150px) 100vw, 150px\" \/><\/span><\/div><\/li><li class='item'><div class=\"carousel_item_holder\"><span class='first_image_holder '><img loading=\"lazy\" decoding=\"async\" width=\"150\" height=\"150\" src=\"https:\/\/akustica.com.mx\/wp-content\/uploads\/2015\/05\/jbl2-150x150.jpg\" class=\"attachment-thumbnail size-thumbnail\" alt=\"JBL\" srcset=\"https:\/\/akustica.com.mx\/wp-content\/uploads\/2015\/05\/jbl2-150x150.jpg 150w, https:\/\/akustica.com.mx\/wp-content\/uploads\/2015\/05\/jbl2-300x300.jpg 300w, https:\/\/akustica.com.mx\/wp-content\/uploads\/2015\/05\/jbl2.jpg 400w\" sizes=\"(max-width: 150px) 100vw, 150px\" \/><\/span><\/div><\/li><li class='item'><div class=\"carousel_item_holder\"><span class='first_image_holder '><img loading=\"lazy\" decoding=\"async\" width=\"150\" height=\"150\" src=\"https:\/\/akustica.com.mx\/wp-content\/uploads\/2015\/05\/digigram1-150x150.jpg\" class=\"attachment-thumbnail size-thumbnail\" alt=\"Digigram\" srcset=\"https:\/\/akustica.com.mx\/wp-content\/uploads\/2015\/05\/digigram1-150x150.jpg 150w, https:\/\/akustica.com.mx\/wp-content\/uploads\/2015\/05\/digigram1-300x300.jpg 300w, https:\/\/akustica.com.mx\/wp-content\/uploads\/2015\/05\/digigram1.jpg 400w\" sizes=\"(max-width: 150px) 100vw, 150px\" \/><\/span><\/div><\/li><li class='item'><div class=\"carousel_item_holder\"><span class='first_image_holder '><img loading=\"lazy\" decoding=\"async\" width=\"150\" height=\"150\" src=\"https:\/\/akustica.com.mx\/wp-content\/uploads\/2015\/05\/crestron3-150x150.jpg\" class=\"attachment-thumbnail size-thumbnail\" alt=\"Crestron\" srcset=\"https:\/\/akustica.com.mx\/wp-content\/uploads\/2015\/05\/crestron3-150x150.jpg 150w, https:\/\/akustica.com.mx\/wp-content\/uploads\/2015\/05\/crestron3-300x300.jpg 300w, https:\/\/akustica.com.mx\/wp-content\/uploads\/2015\/05\/crestron3.jpg 400w\" sizes=\"(max-width: 150px) 100vw, 150px\" \/><\/span><\/div><\/li><li class='item'><div class=\"carousel_item_holder\"><span class='first_image_holder '><img loading=\"lazy\" decoding=\"async\" width=\"150\" height=\"150\" src=\"https:\/\/akustica.com.mx\/wp-content\/uploads\/2015\/05\/das1-150x150.jpg\" class=\"attachment-thumbnail size-thumbnail\" alt=\"Das\" srcset=\"https:\/\/akustica.com.mx\/wp-content\/uploads\/2015\/05\/das1-150x150.jpg 150w, https:\/\/akustica.com.mx\/wp-content\/uploads\/2015\/05\/das1-300x300.jpg 300w, https:\/\/akustica.com.mx\/wp-content\/uploads\/2015\/05\/das1.jpg 400w\" sizes=\"(max-width: 150px) 100vw, 150px\" \/><\/span><\/div><\/li><li class='item'><div class=\"carousel_item_holder\"><span class='first_image_holder '><img loading=\"lazy\" decoding=\"async\" width=\"150\" height=\"150\" src=\"https:\/\/akustica.com.mx\/wp-content\/uploads\/2015\/05\/qsc1-150x150.jpg\" class=\"attachment-thumbnail size-thumbnail\" alt=\"QSC\" srcset=\"https:\/\/akustica.com.mx\/wp-content\/uploads\/2015\/05\/qsc1-150x150.jpg 150w, https:\/\/akustica.com.mx\/wp-content\/uploads\/2015\/05\/qsc1-300x300.jpg 300w, https:\/\/akustica.com.mx\/wp-content\/uploads\/2015\/05\/qsc1.jpg 400w\" sizes=\"(max-width: 150px) 100vw, 150px\" \/><\/span><\/div><\/li><li class='item'><div class=\"carousel_item_holder\"><span class='first_image_holder '><img loading=\"lazy\" decoding=\"async\" width=\"150\" height=\"150\" src=\"https:\/\/akustica.com.mx\/wp-content\/uploads\/2015\/05\/onkyo1-150x150.jpg\" class=\"attachment-thumbnail size-thumbnail\" alt=\"Onkyo\" srcset=\"https:\/\/akustica.com.mx\/wp-content\/uploads\/2015\/05\/onkyo1-150x150.jpg 150w, https:\/\/akustica.com.mx\/wp-content\/uploads\/2015\/05\/onkyo1-300x300.jpg 300w, https:\/\/akustica.com.mx\/wp-content\/uploads\/2015\/05\/onkyo1.jpg 400w\" sizes=\"(max-width: 150px) 100vw, 150px\" \/><\/span><\/div><\/li><li class='item'><div class=\"carousel_item_holder\"><span class='first_image_holder '><img loading=\"lazy\" decoding=\"async\" width=\"150\" height=\"150\" src=\"https:\/\/akustica.com.mx\/wp-content\/uploads\/2015\/05\/nec1-150x150.jpg\" class=\"attachment-thumbnail size-thumbnail\" alt=\"Nec\" srcset=\"https:\/\/akustica.com.mx\/wp-content\/uploads\/2015\/05\/nec1-150x150.jpg 150w, https:\/\/akustica.com.mx\/wp-content\/uploads\/2015\/05\/nec1-300x300.jpg 300w, https:\/\/akustica.com.mx\/wp-content\/uploads\/2015\/05\/nec1.jpg 400w\" sizes=\"(max-width: 150px) 100vw, 150px\" \/><\/span><\/div><\/li><li class='item'><div class=\"carousel_item_holder\"><span class='first_image_holder '><img loading=\"lazy\" decoding=\"async\" width=\"150\" height=\"150\" src=\"https:\/\/akustica.com.mx\/wp-content\/uploads\/2015\/05\/ness1-150x150.jpg\" class=\"attachment-thumbnail size-thumbnail\" alt=\"Ness\" srcset=\"https:\/\/akustica.com.mx\/wp-content\/uploads\/2015\/05\/ness1-150x150.jpg 150w, https:\/\/akustica.com.mx\/wp-content\/uploads\/2015\/05\/ness1-300x300.jpg 300w, https:\/\/akustica.com.mx\/wp-content\/uploads\/2015\/05\/ness1.jpg 400w\" sizes=\"(max-width: 150px) 100vw, 150px\" \/><\/span><\/div><\/li><li class='item'><div class=\"carousel_item_holder\"><span class='first_image_holder '><img loading=\"lazy\" decoding=\"async\" width=\"150\" height=\"150\" src=\"https:\/\/akustica.com.mx\/wp-content\/uploads\/2015\/05\/peavey-150x150.jpg\" class=\"attachment-thumbnail size-thumbnail\" alt=\"Peavey\" srcset=\"https:\/\/akustica.com.mx\/wp-content\/uploads\/2015\/05\/peavey-150x150.jpg 150w, https:\/\/akustica.com.mx\/wp-content\/uploads\/2015\/05\/peavey-300x300.jpg 300w, https:\/\/akustica.com.mx\/wp-content\/uploads\/2015\/05\/peavey.jpg 400w\" sizes=\"(max-width: 150px) 100vw, 150px\" \/><\/span><\/div><\/li><\/ul><\/div><\/div>\n\t\t<\/div> \n\t<\/div> \n<\/div><\/div><\/div><div    class=\"vc_row wpb_row section vc_row-fluid\" style=' text-align:left;'><div class=\" full_section_inner clearfix\">\n\t<div class=\"vc_col-sm-12 wpb_column vc_column_container \">\n\t\t<div class=\"wpb_wrapper\">\n\t\t\t<div class=\"vc_empty_space\"  style=\"height: 50px\" ><span class=\"vc_empty_space_inner\"><\/span><\/div>\n\n\n\t\t<\/div> \n\t<\/div> \n<\/div><\/div><div    class=\"vc_row wpb_row section vc_row-fluid grid_section\" style=' text-align:left;'><div class=\" section_inner clearfix\"><div class='section_inner_margin clearfix'>\n\t<div class=\"vc_col-sm-12 wpb_column vc_column_container \">\n\t\t<div class=\"wpb_wrapper\">\n\t\t\t\n\t<div class=\"wpb_text_column wpb_content_element \">\n\t\t<div class=\"wpb_wrapper\">\n\t\t\t<h1 style=\"text-align: center;\">Nuestros clientes<\/h1>\n\n\t\t<\/div> \n\t<\/div> <div class=\"separator  small center  \" style=\"background-color: #000099;opacity: 1;height: 3px;width: 50%;\"><\/div>\n<div class=\"vc_empty_space\"  style=\"height: 20px\" ><span class=\"vc_empty_space_inner\"><\/span><\/div>\n\n\n\t<div class=\"wpb_single_image wpb_content_element vc_align_left\">\n\t\t<div>\n\t\t<div class=\"wpb_wrapper\">\n\t\t\t\n\t\t\t<div class=\"vc_single_image-wrapper   vc_box_border_grey\"><img loading=\"lazy\" decoding=\"async\" width=\"1500\" height=\"1200\" src=\"https:\/\/akustica.com.mx\/wp-content\/uploads\/2014\/06\/clientes-hoteles.jpg\" class=\"vc_single_image-img attachment-full\" alt=\"clientes-akustica\" srcset=\"https:\/\/akustica.com.mx\/wp-content\/uploads\/2014\/06\/clientes-hoteles.jpg 1500w, https:\/\/akustica.com.mx\/wp-content\/uploads\/2014\/06\/clientes-hoteles-300x240.jpg 300w, https:\/\/akustica.com.mx\/wp-content\/uploads\/2014\/06\/clientes-hoteles-1024x819.jpg 1024w, https:\/\/akustica.com.mx\/wp-content\/uploads\/2014\/06\/clientes-hoteles-700x560.jpg 700w\" sizes=\"(max-width: 1500px) 100vw, 1500px\" \/><\/div>\n\t\t<\/div> \n\t\t<\/div>\n\t<\/div> \n\t\t<\/div> \n\t<\/div> \n<\/div><\/div><\/div><div    class=\"vc_row wpb_row section vc_row-fluid\" style=' text-align:left;'><div class=\" full_section_inner clearfix\" style='padding: 0% 0%'>\n\t<div class=\"vc_col-sm-12 wpb_column vc_column_container \">\n\t\t<div class=\"wpb_wrapper\">\n\t\t\t<div class=\"call_to_action normal\" style=\"background-color: #000099;padding-top: 45px;padding-bottom: 45px;\"><div class=\"container_inner\"><div class=\"two_columns_75_25 clearfix\"><div class=\"text_wrapper column1\"><div class=\"call_to_action_text\" style=\"font-size:24px;font-weight: 300;\"><span style=\"color: #ffffff;\"><span class=\"st\">\u00bf<\/span>Listo para iniciar tu proyecto o evento?<br \/>\n<\/span><\/div><\/div><div class=\"button_wrapper column2\"><a href=\"http:\/\/akustica.com.mx\/index.php\/contacto\/\" class=\"qbutton white \" target=\"\" style=\"color: #ffffff;border-color: #3aabe6;background-color: #3aabe6;\"data-hover-background-color=#0072af data-hover-border-color=#0072af data-hover-color=#ffffff>solicitar cotizaci\u00f3n<\/a><\/div><\/div><\/div><\/div>\n\t\t<\/div> \n\t<\/div> \n<\/div><\/div>\n","protected":false},"excerpt":{"rendered":"","protected":false},"author":1,"featured_media":0,"parent":0,"menu_order":0,"comment_status":"open","ping_status":"open","template":"full_width.php","meta":{"footnotes":""},"_links":{"self":[{"href":"https:\/\/akustica.com.mx\/index.php\/wp-json\/wp\/v2\/pages\/15282"}],"collection":[{"href":"https:\/\/akustica.com.mx\/index.php\/wp-json\/wp\/v2\/pages"}],"about":[{"href":"https:\/\/akustica.com.mx\/index.php\/wp-json\/wp\/v2\/types\/page"}],"author":[{"embeddable":true,"href":"https:\/\/akustica.com.mx\/index.php\/wp-json\/wp\/v2\/users\/1"}],"replies":[{"embeddable":true,"href":"https:\/\/akustica.com.mx\/index.php\/wp-json\/wp\/v2\/comments?post=15282"}],"version-history":[{"count":120,"href":"https:\/\/akustica.com.mx\/index.php\/wp-json\/wp\/v2\/pages\/15282\/revisions"}],"predecessor-version":[{"id":16787,"href":"https:\/\/akustica.com.mx\/index.php\/wp-json\/wp\/v2\/pages\/15282\/revisions\/16787"}],"wp:attachment":[{"href":"https:\/\/akustica.com.mx\/index.php\/wp-json\/wp\/v2\/media?parent=15282"}],"curies":[{"name":"wp","href":"https:\/\/api.w.org\/{rel}","templated":true}]}}