{"id":15937,"date":"2015-05-06T18:58:52","date_gmt":"2015-05-06T18:58:52","guid":{"rendered":"http:\/\/mareblue.com.mx\/akustica2\/?page_id=15937"},"modified":"2015-08-25T18:34:36","modified_gmt":"2015-08-25T23:34:36","slug":"akustica-proyectos","status":"publish","type":"page","link":"https:\/\/akustica.com.mx\/index.php\/akustica-proyectos\/","title":{"rendered":"Akustica Proyectos"},"content":{"rendered":"<div    class=\"vc_row wpb_row section vc_row-fluid grid_section\" style=' text-align:left;'><div class=\" section_inner clearfix\"><div class='section_inner_margin clearfix'>\n\t<div class=\"vc_col-sm-12 wpb_column vc_column_container \">\n\t\t<div class=\"wpb_wrapper\">\n\t\t\t<div class=\"vc_empty_space\"  style=\"height: 50px\" ><span class=\"vc_empty_space_inner\"><\/span><\/div>\n\n<div class=\"custom_font_holder\" style=\" font-size: 32px; line-height: 38px; font-style: normal; font-weight: 300; text-decoration: none; padding: 0; margin: 0; text-align: left;\">Ofrecemos <strong>soluciones eficientes<\/strong> para proyectos comerciales y residenciales. Nuestro objetivo es provocar una <strong>experiencia multimedia<\/strong>, instalando equipos de alta tecnolog\u00eda que funcionen en forma <strong>sistematizada<\/strong>.<\/div><div class=\"vc_empty_space\"  style=\"height: 50px\" ><span class=\"vc_empty_space_inner\"><\/span><\/div>\n\n\n\t\t<\/div> \n\t<\/div> \n<\/div><\/div><\/div><div    class=\"vc_row wpb_row section vc_row-fluid grid_section\" style=' text-align:left;'><div class=\" section_inner clearfix\"><div class='section_inner_margin clearfix'>\n\t<div class=\"vc_col-sm-12 wpb_column vc_column_container \">\n\t\t<div class=\"wpb_wrapper\">\n\t\t\t\n\t<div class=\"wpb_single_image wpb_content_element vc_align_left\">\n\t\t<div>\n\t\t<div class=\"wpb_wrapper\">\n\t\t\t\n\t\t\t<div class=\"vc_single_image-wrapper vc_box_shadow_3d  vc_box_border_grey\"><span class=\"vc_box_shadow_3d_wrap\"><img loading=\"lazy\" decoding=\"async\" width=\"1100\" height=\"602\" src=\"https:\/\/akustica.com.mx\/wp-content\/uploads\/2015\/05\/10.-Gala-Dinner-Audio-Visual1.jpg\" class=\"vc_single_image-img attachment-full\" alt=\"\" srcset=\"https:\/\/akustica.com.mx\/wp-content\/uploads\/2015\/05\/10.-Gala-Dinner-Audio-Visual1.jpg 1100w, https:\/\/akustica.com.mx\/wp-content\/uploads\/2015\/05\/10.-Gala-Dinner-Audio-Visual1-300x164.jpg 300w, https:\/\/akustica.com.mx\/wp-content\/uploads\/2015\/05\/10.-Gala-Dinner-Audio-Visual1-1024x560.jpg 1024w, https:\/\/akustica.com.mx\/wp-content\/uploads\/2015\/05\/10.-Gala-Dinner-Audio-Visual1-700x383.jpg 700w\" sizes=\"(max-width: 1100px) 100vw, 1100px\" \/><\/span><\/div>\n\t\t<\/div> \n\t\t<\/div>\n\t<\/div> <div class=\"vc_empty_space\"  style=\"height: 45px\" ><span class=\"vc_empty_space_inner\"><\/span><\/div>\n\n\n\t\t<\/div> \n\t<\/div> \n<\/div><\/div><\/div><div    class=\"vc_row wpb_row section vc_row-fluid grid_section\" style=' text-align:left;'><div class=\" section_inner clearfix\"><div class='section_inner_margin clearfix'>\n\t<div class=\"vc_col-sm-6 wpb_column vc_column_container \">\n\t\t<div class=\"wpb_wrapper\">\n\t\t\t\n\t<div class=\"wpb_text_column wpb_content_element \">\n\t\t<div class=\"wpb_wrapper\">\n\t\t\t<h1>AUDIO Y VIDEO<\/h1>\n<p>\u2022\u00a0\u00a0 \u00a0Voceo con m\u00fasica ambiental distribuida.<br \/>\n\u2022\u00a0\u00a0 \u00a0Control inal\u00e1mbrico de diferentes zonas de sonido.<br \/>\n\u2022\u00a0\u00a0 \u00a0Sonido distribuido de alta fidelidad.<br \/>\n\u2022\u00a0\u00a0 \u00a0Sonorizaci\u00f3n profesional para auditorios y teatros.<br \/>\n\u2022\u00a0\u00a0 \u00a0Sonorizaci\u00f3n tipo cine para residenciales y teatros.<br \/>\n\u2022\u00a0\u00a0 \u00a0Microfon\u00eda al\u00e1mbrica e inal\u00e1mbrica.<br \/>\n\u2022\u00a0\u00a0 \u00a0Escenarios para m\u00fasica en vivo.<br \/>\n\u2022\u00a0\u00a0 \u00a0Sonorizaci\u00f3n para cadenas restauranteras.<br \/>\n\u2022\u00a0\u00a0 \u00a0Sonorizaci\u00f3n para Lounge DJ y Disco.<br \/>\n\u2022\u00a0\u00a0 \u00a0Sonido ambiental residencial.<\/p>\n\n\t\t<\/div> \n\t<\/div> \n\t\t<\/div> \n\t<\/div> \n\n\t<div class=\"vc_col-sm-6 wpb_column vc_column_container \">\n\t\t<div class=\"wpb_wrapper\">\n\t\t\t\n\t<div class=\"wpb_text_column wpb_content_element \">\n\t\t<div class=\"wpb_wrapper\">\n\t\t\t<p>\u2022\u00a0\u00a0 \u00a0Distribuci\u00f3n de\u00a0v\u00eddeo\u00a0de alta definici\u00f3n.<\/p>\n<p style=\"text-align: left;\">\u2022\u00a0\u00a0 \u00a0V\u00eddeo\u00a0Mapping.<br \/>\n\u2022\u00a0\u00a0 \u00a0Sistemas especiales en\u00a0v\u00eddeo\u00a0de alta\u00a0definici\u00f3n.<br \/>\n\u2022\u00a0\u00a0 \u00a0Proyecci\u00f3n de v\u00eddeo en Pantalla Plana, LCD o Plasma.<br \/>\n\u2022\u00a0\u00a0 \u00a0Salas de\u00a0proyecci\u00f3n.<br \/>\n\u2022\u00a0\u00a0 \u00a0Home Theater. Instalaci\u00f3n profesional de teatros en casa. Integrables al sistema de automatizaci\u00f3n.<br \/>\n\u2022\u00a0\u00a0 \u00a0Servidores de audio y video.<br \/>\n\u2022\u00a0\u00a0 \u00a0Botoneras y pantallas t\u00e1ctiles de control y transmisi\u00f3n de video.<br \/>\n\u2022\u00a0\u00a0 \u00a0Receptores de alta tecnolog\u00eda y definici\u00f3n.<br \/>\n\u2022\u00a0\u00a0 \u00a0Integraci\u00f3n del sistema al controlador de automatizaci\u00f3n.<br \/>\n\u2022\u00a0\u00a0 \u00a0Instalaci\u00f3n profesional de teatros en casa.<\/p>\n\n\t\t<\/div> \n\t<\/div> \n\t\t<\/div> \n\t<\/div> \n<\/div><\/div><\/div><div    class=\"vc_row wpb_row section vc_row-fluid\" style=' text-align:left;'><div class=\" full_section_inner clearfix\">\n\t<div class=\"vc_col-sm-12 wpb_column vc_column_container \">\n\t\t<div class=\"wpb_wrapper\">\n\t\t\t<div class=\"vc_empty_space\"  style=\"height: 50px\" ><span class=\"vc_empty_space_inner\"><\/span><\/div>\n\n\n\t\t<\/div> \n\t<\/div> \n<\/div><\/div><div    class=\"vc_row wpb_row section vc_row-fluid grid_section\" style=' text-align:left;'><div class=\" section_inner clearfix\"><div class='section_inner_margin clearfix'>\n\t<div class=\"vc_col-sm-6 wpb_column vc_column_container \">\n\t\t<div class=\"wpb_wrapper\">\n\t\t\t\n\t<div class=\"wpb_single_image wpb_content_element vc_align_left  element_from_fade\">\n\t\t<div>\n\t\t<div class=\"wpb_wrapper\">\n\t\t\t\n\t\t\t<div class=\"vc_single_image-wrapper vc_box_shadow_3d  vc_box_border_grey\"><span class=\"vc_box_shadow_3d_wrap\"><img loading=\"lazy\" decoding=\"async\" width=\"600\" height=\"400\" src=\"https:\/\/akustica.com.mx\/wp-content\/uploads\/2015\/05\/iluminacion.jpg\" class=\"vc_single_image-img attachment-full\" alt=\"\" srcset=\"https:\/\/akustica.com.mx\/wp-content\/uploads\/2015\/05\/iluminacion.jpg 600w, https:\/\/akustica.com.mx\/wp-content\/uploads\/2015\/05\/iluminacion-300x200.jpg 300w\" sizes=\"(max-width: 600px) 100vw, 600px\" \/><\/span><\/div>\n\t\t<\/div> \n\t\t<\/div>\n\t<\/div> \n\t\t<\/div> \n\t<\/div> \n\n\t<div class=\"vc_col-sm-6 wpb_column vc_column_container \">\n\t\t<div class=\"wpb_wrapper\">\n\t\t\t\n\t<div class=\"wpb_text_column wpb_content_element \">\n\t\t<div class=\"wpb_wrapper\">\n\t\t\t<h1>ILUMINACI\u00d3N<\/h1>\n<p>\u2022\u00a0\u00a0 \u00a0Control de escenas y ambientes de todo tu hogar, oficina, negocio, etc.<br \/>\n\u2022\u00a0\u00a0 \u00a0Control de encendido y apagado de iluminaci\u00f3n.<br \/>\n\u2022\u00a0\u00a0 \u00a0Tareas y escenas programables.<br \/>\n\u2022\u00a0\u00a0 \u00a0Ajuste de intensidad de luz.<br \/>\n\u2022\u00a0\u00a0 \u00a0Botoneras personalizadas.<br \/>\n\u2022\u00a0\u00a0 \u00a0Pantallas t\u00e1ctiles para control, cableadas e inal\u00e1mbricas.<br \/>\n\u2022\u00a0\u00a0 \u00a0Una gran cantidad de soluciones para el control de iluminaci\u00f3n.<br \/>\n\u2022\u00a0\u00a0 \u00a0Integraci\u00f3n del sistema al controlador de automatizaci\u00f3n.<\/p>\n\n\t\t<\/div> \n\t<\/div> \n\t\t<\/div> \n\t<\/div> \n<\/div><\/div><\/div><div    class=\"vc_row wpb_row section vc_row-fluid grid_section\" style=' text-align:left;'><div class=\" section_inner clearfix\"><div class='section_inner_margin clearfix'>\n\t<div class=\"vc_col-sm-12 wpb_column vc_column_container \">\n\t\t<div class=\"wpb_wrapper\">\n\t\t\t<div class=\"vc_empty_space\"  style=\"height: 50px\" ><span class=\"vc_empty_space_inner\"><\/span><\/div>\n\n<div class=\"custom_font_holder\" style=\" font-size: 32px; line-height: 38px; font-style: normal; font-weight: 300; text-decoration: none; padding: 0; margin: 0; text-align: left;\">Creamos <strong>espacios inteligentes<\/strong> personalizados, desarrollando, dise\u00f1ando e instalando sistemas tecnol\u00f3gicos que <strong>automatizan<\/strong> y que integran audio, video iluminaci\u00f3n, CCTV, y tecnolog\u00edas de informaci\u00f3n e Internet que convergen para controlarse de forma m\u00e1s sencilla y din\u00e1mica y con <strong>completo control.<\/strong><\/div><div class=\"vc_empty_space\"  style=\"height: 50px\" ><span class=\"vc_empty_space_inner\"><\/span><\/div>\n\n\n\t\t<\/div> \n\t<\/div> \n<\/div><\/div><\/div><div  data-q_id=\"#automatizacion\"   class=\"vc_row wpb_row section vc_row-fluid grid_section\" style=' text-align:left;'><div class=\" section_inner clearfix\"><div class='section_inner_margin clearfix'>\n\t<div class=\"vc_col-sm-6 wpb_column vc_column_container \">\n\t\t<div class=\"wpb_wrapper\">\n\t\t\t\n\t<div class=\"wpb_single_image wpb_content_element vc_align_left  element_from_fade\">\n\t\t<div>\n\t\t<div class=\"wpb_wrapper\">\n\t\t\t\n\t\t\t<div class=\"vc_single_image-wrapper vc_box_shadow_3d  vc_box_border_grey\"><span class=\"vc_box_shadow_3d_wrap\"><img loading=\"lazy\" decoding=\"async\" width=\"600\" height=\"400\" src=\"https:\/\/akustica.com.mx\/wp-content\/uploads\/2015\/05\/video.jpg\" class=\"vc_single_image-img attachment-full\" alt=\"\" srcset=\"https:\/\/akustica.com.mx\/wp-content\/uploads\/2015\/05\/video.jpg 600w, https:\/\/akustica.com.mx\/wp-content\/uploads\/2015\/05\/video-300x200.jpg 300w\" sizes=\"(max-width: 600px) 100vw, 600px\" \/><\/span><\/div>\n\t\t<\/div> \n\t\t<\/div>\n\t<\/div> \n\t\t<\/div> \n\t<\/div> \n\n\t<div class=\"vc_col-sm-6 wpb_column vc_column_container \">\n\t\t<div class=\"wpb_wrapper\">\n\t\t\t\n\t<div class=\"wpb_text_column wpb_content_element \">\n\t\t<div class=\"wpb_wrapper\">\n\t\t\t<h1><span style=\"color: #000099;\">AUTOMATIZACI\u00d3N Y CONTROL RESIDENCIAL Y COMERCIAL<\/span><\/h1>\n<p>\u2022\u00a0\u00a0 \u00a0Capacidad de control remota del sistema (V\u00eda Internet).<br \/>\n\u2022\u00a0\u00a0 \u00a0Control desde computadoras<br \/>\n\u2022\u00a0\u00a0 \u00a0Capacidad de uso de pantallas t\u00e1ctiles, cableadas e inal\u00e1mbricas.<br \/>\n\u2022\u00a0\u00a0 \u00a0Una gran flexibilidad de tareas de control mediante la programaci\u00f3n<br \/>\n\u2022\u00a0\u00a0 \u00a0Control inteligente de\u00a0iluminaci\u00f3n.<br \/>\n\u2022\u00a0\u00a0 \u00a0Control centralizado de audio y v\u00eddeo.<br \/>\n\u2022\u00a0\u00a0 \u00a0Control centralizado de m\u00fasica distribuida.<br \/>\n\u2022\u00a0\u00a0 \u00a0Control centralizado con Ipad, Iphone y Android.<br \/>\n\u2022\u00a0\u00a0 \u00a0Control inal\u00e1mbrico\u00a0para Cortinas\u00a0el\u00e9ctricas.<br \/>\n\u2022\u00a0\u00a0 \u00a0Tareas y escenas programables mediante el uso de sensores, opciones infinitas de soluciones de automatizaci\u00f3n.<br \/>\n\u2022\u00a0\u00a0 \u00a0Sistema controlable en modo ausente de casa y viajes para ahorro de energ\u00eda.<\/p>\n\n\t\t<\/div> \n\t<\/div> \n\t\t<\/div> \n\t<\/div> \n<\/div><\/div><\/div><div    class=\"vc_row wpb_row section vc_row-fluid grid_section\" style=' text-align:left;'><div class=\" section_inner clearfix\"><div class='section_inner_margin clearfix'>\n\t<div class=\"vc_col-sm-12 wpb_column vc_column_container \">\n\t\t<div class=\"wpb_wrapper\">\n\t\t\t<div class=\"vc_empty_space\"  style=\"height: 50px\" ><span class=\"vc_empty_space_inner\"><\/span><\/div>\n\n<div class=\"custom_font_holder\" style=\" font-size: 32px; line-height: 38px; font-style: normal; font-weight: 300; text-decoration: none; padding: 0; margin: 0; text-align: left;\">Cubriendo la creciente necesidad de <strong>seguridad<\/strong> realizamos <strong>proyectos a tu medida<\/strong> para la colocaci\u00f3n de <strong>Sistemas de Circuito Cerrado<\/strong> de Televisi\u00f3n (CCTV), An\u00e1logo o Digital, (V\u00eda IP). Los requerimientos pueden ser diversos, desde una supervisi\u00f3n dentro del ambiente de un a fabrica hasta la imperiosa seguridad en un restaurant, hotel, oficina, \u00f3 su hogar.<\/div><div class=\"vc_empty_space\"  style=\"height: 50px\" ><span class=\"vc_empty_space_inner\"><\/span><\/div>\n\n\n\t\t<\/div> \n\t<\/div> \n<\/div><\/div><\/div><div    class=\"vc_row wpb_row section vc_row-fluid grid_section\" style=' text-align:left;'><div class=\" section_inner clearfix\"><div class='section_inner_margin clearfix'>\n\t<div class=\"vc_col-sm-6 wpb_column vc_column_container \">\n\t\t<div class=\"wpb_wrapper\">\n\t\t\t\n\t<div class=\"wpb_single_image wpb_content_element vc_align_left  element_from_fade\">\n\t\t<div>\n\t\t<div class=\"wpb_wrapper\">\n\t\t\t\n\t\t\t<div class=\"vc_single_image-wrapper vc_box_shadow_3d  vc_box_border_grey\"><span class=\"vc_box_shadow_3d_wrap\"><img loading=\"lazy\" decoding=\"async\" width=\"600\" height=\"400\" src=\"https:\/\/akustica.com.mx\/wp-content\/uploads\/2015\/05\/security.jpg\" class=\"vc_single_image-img attachment-full\" alt=\"\" srcset=\"https:\/\/akustica.com.mx\/wp-content\/uploads\/2015\/05\/security.jpg 600w, https:\/\/akustica.com.mx\/wp-content\/uploads\/2015\/05\/security-300x200.jpg 300w\" sizes=\"(max-width: 600px) 100vw, 600px\" \/><\/span><\/div>\n\t\t<\/div> \n\t\t<\/div>\n\t<\/div> \n\t\t<\/div> \n\t<\/div> \n\n\t<div class=\"vc_col-sm-6 wpb_column vc_column_container \">\n\t\t<div class=\"wpb_wrapper\">\n\t\t\t\n\t<div class=\"wpb_text_column wpb_content_element \">\n\t\t<div class=\"wpb_wrapper\">\n\t\t\t<h1>SEGURIDAD<\/h1>\n<p>\u2022\u00a0\u00a0 \u00a0Sensores de movimiento, humo y calor de alta tecnolog\u00eda<br \/>\n\u2022\u00a0\u00a0 \u00a0Contactos magn\u00e9ticos pr\u00e1cticamente invisibles.<br \/>\n\u2022\u00a0\u00a0 \u00a0Tecnolog\u00eda alambica e inal\u00e1mbrica<br \/>\n\u2022\u00a0\u00a0 \u00a0Comunicaci\u00f3n telef\u00f3nica IP.<br \/>\n\u2022\u00a0\u00a0 \u00a0Circuito cerrado de televisi\u00f3n v\u00eda IP.<br \/>\n\u2022\u00a0\u00a0 \u00a0Capacidad remota<br \/>\n\u2022\u00a0\u00a0 \u00a0C\u00e1maras para exteriores, interiores, invisibles, sensibles a la temperatura, al movimiento, etc<br \/>\n\u2022\u00a0\u00a0 \u00a0Control de acceso RFID, biom\u00e9trico, IP y remoto<br \/>\n\u2022\u00a0\u00a0 \u00a0Sensores de rompimiento de ventanas<br \/>\n\u2022\u00a0\u00a0 \u00a0C\u00e1maras interiores o exteriores ya sean ocultas o expuestas.<br \/>\n\u2022\u00a0\u00a0 \u00a0Sistema de infrarrojos.<br \/>\n\u2022\u00a0\u00a0 \u00a0Sistema de monitoreo y grabaci\u00f3n usted puede consultar en cualquier momento todo lo que se ha grabado.<\/p>\n\n\t\t<\/div> \n\t<\/div> \n\t\t<\/div> \n\t<\/div> \n<\/div><\/div><\/div><div    class=\"vc_row wpb_row section vc_row-fluid\" style=' text-align:left;'><div class=\" full_section_inner clearfix\">\n\t<div class=\"vc_col-sm-12 wpb_column vc_column_container \">\n\t\t<div class=\"wpb_wrapper\">\n\t\t\t<div class=\"vc_empty_space\"  style=\"height: 25px\" ><span class=\"vc_empty_space_inner\"><\/span><\/div>\n\n\n\t\t<\/div> \n\t<\/div> \n<\/div><\/div><div    class=\"vc_row wpb_row section vc_row-fluid grid_section\" style=' text-align:left;'><div class=\" section_inner clearfix\"><div class='section_inner_margin clearfix'>\n\t<div class=\"vc_col-sm-12 wpb_column vc_column_container \">\n\t\t<div class=\"wpb_wrapper\">\n\t\t\t<div class=\"custom_font_holder\" style=\" font-size: 32px; line-height: 26px; font-style: normal; font-weight: 300; text-decoration: none; padding: 0; margin: 0; text-align: left;\">Todas las soluciones de seguridad integradas a un sistema.<\/div><div class=\"vc_empty_space\"  style=\"height: 50px\" ><span class=\"vc_empty_space_inner\"><\/span><\/div>\n\n\n\t\t<\/div> \n\t<\/div> \n<\/div><\/div><\/div><div    class=\"vc_row wpb_row section vc_row-fluid\" style=' text-align:left;'><div class=\" full_section_inner clearfix\">\n\t<div class=\"vc_col-sm-12 wpb_column vc_column_container \">\n\t\t<div class=\"wpb_wrapper\">\n\t\t\t\n\t<div class=\"wpb_text_column wpb_content_element \">\n\t\t<div class=\"wpb_wrapper\">\n\t\t\t\n\t\t<\/div> \n\t<\/div> \n\t\t<\/div> \n\t<\/div> \n<\/div><\/div><div    class=\"vc_row wpb_row section vc_row-fluid\" style=' text-align:left;'><div class=\" full_section_inner clearfix\">\n\t<div class=\"vc_col-sm-12 wpb_column vc_column_container \">\n\t\t<div class=\"wpb_wrapper\">\n\t\t\t<div class=\"call_to_action normal\" style=\"background-color: #000099;padding-top: 45px;padding-bottom: 45px;\"><div class=\"container_inner\"><div class=\"two_columns_75_25 clearfix\"><div class=\"text_wrapper column1\"><div class=\"call_to_action_text\" style=\"font-size:24px;font-weight: 400;\"><span style=\"color: #ffffff;\"><span class=\"st\">\u00bf<\/span>Listo para iniciar tu proyecto?<br \/>\n<\/span><\/div><\/div><div class=\"button_wrapper column2\"><a href=\"http:\/\/akustica.com.mx\/index.php\/contacto\/\" class=\"qbutton white \" target=\"\" style=\"color: #ffffff;border-color: #ffffff;background-color: #000099;\"data-hover-background-color=#3aabe6 data-hover-border-color=#3aabe6 data-hover-color=#ffffff>solicitar cotizaci\u00f3n<\/a><\/div><\/div><\/div><\/div>\n\t\t<\/div> \n\t<\/div> \n<\/div><\/div><div    class=\"vc_row wpb_row section vc_row-fluid\" style=' text-align:left;'><div class=\" full_section_inner clearfix\">\n\t<div class=\"vc_col-sm-12 wpb_column vc_column_container \">\n\t\t<div class=\"wpb_wrapper\">\n\t\t\t\n\t<div class=\"wpb_single_image wpb_content_element vc_custom_1431566377275 vc_align_center  element_from_left\">\n\t\t<div>\n\t\t<div class=\"wpb_wrapper\">\n\t\t\t\n\t\t\t<div class=\"vc_single_image-wrapper   vc_box_border_grey\"><img loading=\"lazy\" decoding=\"async\" width=\"600\" height=\"152\" src=\"https:\/\/akustica.com.mx\/wp-content\/uploads\/2015\/05\/akproy.png\" class=\"vc_single_image-img attachment-full\" alt=\"\" srcset=\"https:\/\/akustica.com.mx\/wp-content\/uploads\/2015\/05\/akproy.png 600w, https:\/\/akustica.com.mx\/wp-content\/uploads\/2015\/05\/akproy-300x76.png 300w\" sizes=\"(max-width: 600px) 100vw, 600px\" \/><\/div>\n\t\t<\/div> \n\t\t<\/div>\n\t<\/div> \n\t\t<\/div> \n\t<\/div> \n<\/div><\/div>\n","protected":false},"excerpt":{"rendered":"Ofrecemos soluciones eficientes para proyectos comerciales y residenciales. Nuestro objetivo es provocar una experiencia multimedia, instalando equipos de alta tecnolog\u00eda que funcionen en forma sistematizada. AUDIO Y VIDEO \u2022\u00a0\u00a0 \u00a0Voceo con m\u00fasica ambiental distribuida. \u2022\u00a0\u00a0 \u00a0Control inal\u00e1mbrico de diferentes zonas de sonido. \u2022\u00a0\u00a0 \u00a0Sonido distribuido...","protected":false},"author":1,"featured_media":0,"parent":0,"menu_order":0,"comment_status":"open","ping_status":"open","template":"full_width.php","meta":{"footnotes":""},"_links":{"self":[{"href":"https:\/\/akustica.com.mx\/index.php\/wp-json\/wp\/v2\/pages\/15937"}],"collection":[{"href":"https:\/\/akustica.com.mx\/index.php\/wp-json\/wp\/v2\/pages"}],"about":[{"href":"https:\/\/akustica.com.mx\/index.php\/wp-json\/wp\/v2\/types\/page"}],"author":[{"embeddable":true,"href":"https:\/\/akustica.com.mx\/index.php\/wp-json\/wp\/v2\/users\/1"}],"replies":[{"embeddable":true,"href":"https:\/\/akustica.com.mx\/index.php\/wp-json\/wp\/v2\/comments?post=15937"}],"version-history":[{"count":179,"href":"https:\/\/akustica.com.mx\/index.php\/wp-json\/wp\/v2\/pages\/15937\/revisions"}],"predecessor-version":[{"id":16784,"href":"https:\/\/akustica.com.mx\/index.php\/wp-json\/wp\/v2\/pages\/15937\/revisions\/16784"}],"wp:attachment":[{"href":"https:\/\/akustica.com.mx\/index.php\/wp-json\/wp\/v2\/media?parent=15937"}],"curies":[{"name":"wp","href":"https:\/\/api.w.org\/{rel}","templated":true}]}}