{"id":16103,"date":"2015-05-07T23:29:32","date_gmt":"2015-05-07T23:29:32","guid":{"rendered":"http:\/\/mareblue.com.mx\/akustica2\/?page_id=16103"},"modified":"2015-08-25T18:36:32","modified_gmt":"2015-08-25T23:36:32","slug":"akustica-eventos","status":"publish","type":"page","link":"https:\/\/akustica.com.mx\/index.php\/akustica-eventos\/","title":{"rendered":"Akustica Eventos"},"content":{"rendered":"<div    class=\"vc_row wpb_row section vc_row-fluid grid_section\" style=' text-align:left;'><div class=\" section_inner clearfix\"><div class='section_inner_margin clearfix'>\n\t<div class=\"vc_col-sm-12 wpb_column vc_column_container \">\n\t\t<div class=\"wpb_wrapper\">\n\t\t\t<div class=\"vc_empty_space\"  style=\"height: 50px\" ><span class=\"vc_empty_space_inner\"><\/span><\/div>\n\n<div class=\"custom_font_holder\" style=\" font-size: 32px; line-height: 38px; font-style: normal; font-weight: 300; text-decoration: none; padding: 0; margin: 0; text-align: left;\">En <strong>Akustica Eventos<\/strong>\u00a0los <strong>eventos sociales<\/strong> y <strong>empresariales <\/strong>son nuestra especialidad. Deja que pongamos a tu disposici\u00f3n nuestros servicios profesionales de <strong>renta de audio, video e iluminaci\u00f3n<\/strong> y comprueba por que nuestros clientes de Canc\u00fan y la Riviera Maya nos prefieren.<\/div><div class=\"vc_empty_space\"  style=\"height: 50px\" ><span class=\"vc_empty_space_inner\"><\/span><\/div>\n\n\n\t\t<\/div> \n\t<\/div> \n<\/div><\/div><\/div><div    class=\"vc_row wpb_row section vc_row-fluid\" style=' text-align:left;'><div class=\" full_section_inner clearfix\">\n\t<div class=\"vc_col-sm-12 wpb_column vc_column_container \">\n\t\t<div class=\"wpb_wrapper\">\n\t\t\t\n\t<div class=\"wpb_gallery wpb_content_element clearfix frame_holder\">\n\t\t<div class=\"wpb_wrapper\"><div class=\"wpb_gallery_slides wpb_flexslider flexslider_slide flexslider have_frame\" data-interval=\"0\" data-flex_fx=\"slide\"><ul class=\"slides\"><li><img loading=\"lazy\" decoding=\"async\" width=\"638\" height=\"428\" src=\"https:\/\/akustica.com.mx\/wp-content\/uploads\/2015\/05\/slide1.jpg\" class=\"attachment-full\" alt=\"\" srcset=\"https:\/\/akustica.com.mx\/wp-content\/uploads\/2015\/05\/slide1.jpg 638w, https:\/\/akustica.com.mx\/wp-content\/uploads\/2015\/05\/slide1-300x201.jpg 300w\" sizes=\"(max-width: 638px) 100vw, 638px\" \/><\/li><li><img loading=\"lazy\" decoding=\"async\" width=\"638\" height=\"428\" src=\"https:\/\/akustica.com.mx\/wp-content\/uploads\/2015\/05\/slide2.jpg\" class=\"attachment-full\" alt=\"\" srcset=\"https:\/\/akustica.com.mx\/wp-content\/uploads\/2015\/05\/slide2.jpg 638w, https:\/\/akustica.com.mx\/wp-content\/uploads\/2015\/05\/slide2-300x201.jpg 300w\" sizes=\"(max-width: 638px) 100vw, 638px\" \/><\/li><li><img loading=\"lazy\" decoding=\"async\" width=\"638\" height=\"428\" src=\"https:\/\/akustica.com.mx\/wp-content\/uploads\/2015\/05\/slide3.jpg\" class=\"attachment-full\" alt=\"\" srcset=\"https:\/\/akustica.com.mx\/wp-content\/uploads\/2015\/05\/slide3.jpg 638w, https:\/\/akustica.com.mx\/wp-content\/uploads\/2015\/05\/slide3-300x201.jpg 300w\" sizes=\"(max-width: 638px) 100vw, 638px\" \/><\/li><li><img loading=\"lazy\" decoding=\"async\" width=\"638\" height=\"428\" src=\"https:\/\/akustica.com.mx\/wp-content\/uploads\/2015\/05\/slide4.jpg\" class=\"attachment-full\" alt=\"\" srcset=\"https:\/\/akustica.com.mx\/wp-content\/uploads\/2015\/05\/slide4.jpg 638w, https:\/\/akustica.com.mx\/wp-content\/uploads\/2015\/05\/slide4-300x201.jpg 300w\" sizes=\"(max-width: 638px) 100vw, 638px\" \/><\/li><li><img loading=\"lazy\" decoding=\"async\" width=\"638\" height=\"428\" src=\"https:\/\/akustica.com.mx\/wp-content\/uploads\/2015\/05\/slide5.jpg\" class=\"attachment-full\" alt=\"\" srcset=\"https:\/\/akustica.com.mx\/wp-content\/uploads\/2015\/05\/slide5.jpg 638w, https:\/\/akustica.com.mx\/wp-content\/uploads\/2015\/05\/slide5-300x201.jpg 300w\" sizes=\"(max-width: 638px) 100vw, 638px\" \/><\/li><\/ul><\/div><div class='gallery_frame'><img src='https:\/\/akustica.com.mx\/wp-content\/themes\/bridge\/img\/slider_frame.png'\/><\/div>\n\t\t<\/div> \n\t<\/div> \n\t\t<\/div> \n\t<\/div> \n<\/div><\/div><div    class=\"vc_row wpb_row section vc_row-fluid grid_section\" style=' text-align:left;'><div class=\" section_inner clearfix\"><div class='section_inner_margin clearfix'>\n\t<div class=\"vc_col-sm-3 wpb_column vc_column_container \">\n\t\t<div class=\"wpb_wrapper\">\n\t\t\t<div class='q_icon_with_title very_large icon_image center'><div class=\"icon_holder q_icon_animation\" style=\" \"><img decoding=\"async\" style=\"\" src=\"https:\/\/akustica.com.mx\/wp-content\/uploads\/2015\/05\/party2.png\" alt=\"\"><\/div><div class=\"icon_text_holder\" style=\"\"><div class=\"icon_text_inner\" style=\"\"><h5 class=\"icon_title\" style=\"\">somos vanguardia<\/h5><p style=''>Contamos con <b>las mejores marcas<\/b> para ambientar y personalizar los mejores eventos sociales: bodas, bautizos, aniversarios, conciertos y <b>cualquier tipo de celebraci\u00f3n.<\/b><\/p><\/div><\/div><\/div>\n\t\t<\/div> \n\t<\/div> \n\n\t<div class=\"vc_col-sm-3 wpb_column vc_column_container \">\n\t\t<div class=\"wpb_wrapper\">\n\t\t\t<div class='q_icon_with_title very_large icon_image center'><div class=\"icon_holder q_icon_animation\" style=\" \"><img decoding=\"async\" style=\"\" src=\"https:\/\/akustica.com.mx\/wp-content\/uploads\/2015\/05\/check2.png\" alt=\"\"><\/div><div class=\"icon_text_holder\" style=\"\"><div class=\"icon_text_inner\" style=\"\"><h5 class=\"icon_title\" style=\"\">Valor agregado<\/h5><p style=''>Somos la <b>\u00fanica empresa de la Riviera Maya<\/b> que ofrece a sus clientes los equipos <b>m\u00e1s innovadores de la industria del entretenimiento.<\/b><\/p><\/div><\/div><\/div>\n\t\t<\/div> \n\t<\/div> \n\n\t<div class=\"vc_col-sm-3 wpb_column vc_column_container \">\n\t\t<div class=\"wpb_wrapper\">\n\t\t\t<div class='q_icon_with_title very_large icon_image center'><div class=\"icon_holder q_icon_animation\" style=\" \"><img decoding=\"async\" style=\"\" src=\"https:\/\/akustica.com.mx\/wp-content\/uploads\/2015\/05\/global2.png\" alt=\"\"><\/div><div class=\"icon_text_holder\" style=\"\"><div class=\"icon_text_inner\" style=\"\"><h5 class=\"icon_title\" style=\"\">Servicio personalizado<\/h5><p style=''><b>Contamos con paquetes<\/b> dirigidos a las necesidades, gustos, est\u00e9tica y presupuesto de todos nuestros clientes.<\/p><\/div><\/div><\/div>\n\t\t<\/div> \n\t<\/div> \n\n\t<div class=\"vc_col-sm-3 wpb_column vc_column_container \">\n\t\t<div class=\"wpb_wrapper\">\n\t\t\t<div class='q_icon_with_title very_large icon_image center'><div class=\"icon_holder q_icon_animation\" style=\" \"><img decoding=\"async\" style=\"\" src=\"https:\/\/akustica.com.mx\/wp-content\/uploads\/2015\/05\/star1.png\" alt=\"\"><\/div><div class=\"icon_text_holder\" style=\"\"><div class=\"icon_text_inner\" style=\"\"><h5 class=\"icon_title\" style=\"\">somos expertos<\/h5><p style=''>Cada detalle de nuestro servicio es <b>supervisado por nuestro personal calificado<\/b> para brindarle la <b>mejor experiencia.<\/b><\/p><\/div><\/div><\/div>\n\t\t<\/div> \n\t<\/div> \n<\/div><\/div><\/div><div    class=\"vc_row wpb_row section vc_row-fluid grid_section\" style=' text-align:left;'><div class=\" section_inner clearfix\"><div class='section_inner_margin clearfix'>\n\t<div class=\"vc_col-sm-12 wpb_column vc_column_container \">\n\t\t<div class=\"wpb_wrapper\">\n\t\t\t<div class=\"vc_empty_space\"  style=\"height: 50px\" ><span class=\"vc_empty_space_inner\"><\/span><\/div>\n\n\n\t<div class=\"wpb_text_column wpb_content_element \">\n\t\t<div class=\"wpb_wrapper\">\n\t\t\t<h1 style=\"text-align: center;\">Estos son nuestros servicios de Audio, Video e Iluminaci\u00f3n.<\/h1>\n\n\t\t<\/div> \n\t<\/div> <div class=\"vc_empty_space\"  style=\"height: 50px\" ><span class=\"vc_empty_space_inner\"><\/span><\/div>\n\n\n\t\t<\/div> \n\t<\/div> \n<\/div><\/div><\/div><div    class=\"vc_row wpb_row section vc_row-fluid grid_section\" style=' text-align:left;'><div class=\" section_inner clearfix\"><div class='section_inner_margin clearfix'>\n\t<div class=\"vc_col-sm-4 wpb_column vc_column_container \">\n\t\t<div class=\"wpb_wrapper\">\n\t\t\t<div class='q_icon_with_title small icon_image left_from_title'><div class=\"icon_text_holder\" style=\"\"><div class=\"icon_text_inner\" style=\"\"><div class=\"icon_title_holder\"><div class=\"icon_holder q_icon_animation\" style=\" \"><img decoding=\"async\" style=\"\" src=\"https:\/\/akustica.com.mx\/wp-content\/uploads\/2015\/05\/audio.png\" alt=\"\"><\/div><h5 class=\"icon_title\" style=\"\">SISTEMAS DE AUDIO<\/h5><\/div><p style=''>Solo equipos de <b>gama alta<\/b> para garantizar la <b>fidelidad<\/b> en la reproduccion de sonido.<\/p><\/div><\/div><\/div><div class='q_icon_with_title small icon_image left_from_title'><div class=\"icon_text_holder\" style=\"\"><div class=\"icon_text_inner\" style=\"\"><div class=\"icon_title_holder\"><div class=\"icon_holder q_icon_animation\" style=\" \"><img decoding=\"async\" style=\"\" src=\"https:\/\/akustica.com.mx\/wp-content\/uploads\/2015\/05\/pista1.png\" alt=\"\"><\/div><h5 class=\"icon_title\" style=\"\">PISTA ILUMINADA INFINITY<\/h5><\/div><p style=''>La <b>ultima tecnolog\u00eda en pistas iluminadas<\/b> para animar el ambiente a la hora del baile.<\/p><\/div><\/div><\/div>\n\t\t<\/div> \n\t<\/div> \n\n\t<div class=\"vc_col-sm-4 wpb_column vc_column_container \">\n\t\t<div class=\"wpb_wrapper\">\n\t\t\t<div class='q_icon_with_title small icon_image left_from_title'><div class=\"icon_text_holder\" style=\"\"><div class=\"icon_text_inner\" style=\"\"><div class=\"icon_title_holder\"><div class=\"icon_holder q_icon_animation\" style=\" \"><img decoding=\"async\" style=\"\" src=\"https:\/\/akustica.com.mx\/wp-content\/uploads\/2015\/05\/ilumimacion.png\" alt=\"\"><\/div><h5 class=\"icon_title\" style=\"\">ILUMINACI\u00d3N PROFESIONAL<\/h5><\/div><p style=''>Iluminamos y <b>damos vida<\/b> a los eventos de Akustica<\/p><\/div><\/div><\/div><div class='q_icon_with_title small icon_image left_from_title'><div class=\"icon_text_holder\" style=\"\"><div class=\"icon_text_inner\" style=\"\"><div class=\"icon_title_holder\"><div class=\"icon_holder q_icon_animation\" style=\" \"><img decoding=\"async\" style=\"\" src=\"https:\/\/akustica.com.mx\/wp-content\/uploads\/2015\/05\/pantallas-led.png\" alt=\"\"><\/div><h5 class=\"icon_title\" style=\"\">PANTALLAS DE LED Y PROYECCI\u00d3N<\/h5><\/div><p style=''>Proyectamos tu contenido visual <b>grabado o en directo.<\/b><\/p><\/div><\/div><\/div>\n\t\t<\/div> \n\t<\/div> \n\n\t<div class=\"vc_col-sm-4 wpb_column vc_column_container \">\n\t\t<div class=\"wpb_wrapper\">\n\t\t\t<div class='q_icon_with_title small icon_image left_from_title'><div class=\"icon_text_holder\" style=\"\"><div class=\"icon_text_inner\" style=\"\"><div class=\"icon_title_holder\"><div class=\"icon_holder q_icon_animation\" style=\" \"><img decoding=\"async\" style=\"\" src=\"https:\/\/akustica.com.mx\/wp-content\/uploads\/2015\/05\/dj.png\" alt=\"\"><\/div><h5 class=\"icon_title\" style=\"\">DJS<\/h5><\/div><p style=''>Ambiente de fiesta o atmosfera tranquila, <b>justo la m\u00fasica necesaria<\/b> para cada ocasi\u00f3n <\/p><\/div><\/div><\/div><div class='q_icon_with_title small icon_image left_from_title'><div class=\"icon_text_holder\" style=\"\"><div class=\"icon_text_inner\" style=\"\"><div class=\"icon_title_holder\"><div class=\"icon_holder q_icon_animation\" style=\" \"><img decoding=\"async\" style=\"\" src=\"https:\/\/akustica.com.mx\/wp-content\/uploads\/2015\/05\/fotovideo.png\" alt=\"\"><\/div><h5 class=\"icon_title\" style=\"\">FOTO Y VIDEO<\/h5><\/div><p style=''>Capturamos <b>los mejores momentos<\/b> espectacularmente.<\/p><\/div><\/div><\/div>\n\t\t<\/div> \n\t<\/div> \n<\/div><\/div><\/div><div    class=\"vc_row wpb_row section vc_row-fluid grid_section\" style=' text-align:left;'><div class=\" section_inner clearfix\"><div class='section_inner_margin clearfix'>\n\t<div class=\"vc_col-sm-4 wpb_column vc_column_container \">\n\t\t<div class=\"wpb_wrapper\">\n\t\t\t<div class='q_icon_with_title small icon_image left_from_title'><div class=\"icon_text_holder\" style=\"\"><div class=\"icon_text_inner\" style=\"\"><div class=\"icon_title_holder\"><div class=\"icon_holder q_icon_animation\" style=\" \"><img decoding=\"async\" style=\"\" src=\"https:\/\/akustica.com.mx\/wp-content\/uploads\/2015\/05\/carpas.png\" alt=\"\"><\/div><h5 class=\"icon_title\" style=\"\">CARPAS PERSONALIZADAS<\/h5><\/div><p style=''>Una alternativa que le dar\u00e1 un toque de <b>elegancia y estilo<\/b> a tu evento.<\/p><\/div><\/div><\/div><div class='q_icon_with_title small icon_image left_from_title'><div class=\"icon_text_holder\" style=\"\"><div class=\"icon_text_inner\" style=\"\"><div class=\"icon_title_holder\"><div class=\"icon_holder q_icon_animation\" style=\" \"><img decoding=\"async\" style=\"\" src=\"https:\/\/akustica.com.mx\/wp-content\/uploads\/2015\/05\/periq-cabina.png\" alt=\"\"><\/div><h5 class=\"icon_title\" style=\"\">PERIQUERAS Y CABINA ILUMINADA<\/h5><\/div><p style=''><b>Color y luz<\/b> hasta en los detalles de nuestro mobiliario.<\/p><\/div><\/div><\/div>\n\t\t<\/div> \n\t<\/div> \n\n\t<div class=\"vc_col-sm-4 wpb_column vc_column_container \">\n\t\t<div class=\"wpb_wrapper\">\n\t\t\t<div class='q_icon_with_title small icon_image left_from_title'><div class=\"icon_text_holder\" style=\"\"><div class=\"icon_text_inner\" style=\"\"><div class=\"icon_title_holder\"><div class=\"icon_holder q_icon_animation\" style=\" \"><img decoding=\"async\" style=\"\" src=\"https:\/\/akustica.com.mx\/wp-content\/uploads\/2015\/05\/ambientacion.png\" alt=\"\"><\/div><h5 class=\"icon_title\" style=\"\">AMBIENTACI\u00d3N<\/h5><\/div><p style=''>Creamos <b>incre\u00edbles atmosferas<\/b> de iluminaci\u00f3n indirecta.<\/p><\/div><\/div><\/div><div class='q_icon_with_title small icon_image left_from_title'><div class=\"icon_text_holder\" style=\"\"><div class=\"icon_text_inner\" style=\"\"><div class=\"icon_title_holder\"><div class=\"icon_holder q_icon_animation\" style=\" \"><img decoding=\"async\" style=\"\" src=\"https:\/\/akustica.com.mx\/wp-content\/uploads\/2015\/05\/grupos-musicales.png\" alt=\"\"><\/div><h5 class=\"icon_title\" style=\"\">GRUPOS MUSICALES<\/h5><\/div><p style=''>Anima tus eventos sociales con <b>la mejor musica viva<\/b> de diferentes generos.<\/p><\/div><\/div><\/div>\n\t\t<\/div> \n\t<\/div> \n\n\t<div class=\"vc_col-sm-4 wpb_column vc_column_container \">\n\t\t<div class=\"wpb_wrapper\">\n\t\t\t<div class='q_icon_with_title small icon_image left_from_title'><div class=\"icon_text_holder\" style=\"\"><div class=\"icon_text_inner\" style=\"\"><div class=\"icon_title_holder\"><div class=\"icon_holder q_icon_animation\" style=\" \"><img decoding=\"async\" style=\"\" src=\"https:\/\/akustica.com.mx\/wp-content\/uploads\/2015\/05\/videoproyectores.png\" alt=\"\"><\/div><h5 class=\"icon_title\" style=\"\">VIDEO PROYECTORES HD<\/h5><\/div><p style=''>La m\u00e1s <b>alta calidad en imagen<\/b> para tus proyecciones de video.<\/p><\/div><\/div><\/div>\n\t\t<\/div> \n\t<\/div> \n<\/div><\/div><\/div><div    class=\"vc_row wpb_row section vc_row-fluid\" style=' text-align:left;'><div class=\" full_section_inner clearfix\">\n\t<div class=\"vc_col-sm-12 wpb_column vc_column_container \">\n\t\t<div class=\"wpb_wrapper\">\n\t\t\t<div class=\"vc_empty_space\"  style=\"height: 50px\" ><span class=\"vc_empty_space_inner\"><\/span><\/div>\n\n<div class='qode_image_gallery_no_space light'><div class='qode_image_gallery_holder' style='height: 350px;'><ul><li><div style=\"height: 350px; width:467px;\"><img decoding=\"async\" src=\"https:\/\/akustica.com.mx\/wp-content\/uploads\/2015\/05\/prod1.jpg\" alt=\"\" \/><\/div><\/li><li><div style=\"height: 350px; width:467px;\"><img decoding=\"async\" src=\"https:\/\/akustica.com.mx\/wp-content\/uploads\/2015\/05\/prod31.jpg\" alt=\"\" \/><\/div><\/li><li><div style=\"height: 350px; width:467px;\"><img decoding=\"async\" src=\"https:\/\/akustica.com.mx\/wp-content\/uploads\/2015\/05\/prod41.jpg\" alt=\"\" \/><\/div><\/li><li><div style=\"height: 350px; width:467px;\"><img decoding=\"async\" src=\"https:\/\/akustica.com.mx\/wp-content\/uploads\/2015\/05\/prod21.jpg\" alt=\"\" \/><\/div><\/li><li><div style=\"height: 350px; width:467px;\"><img decoding=\"async\" src=\"https:\/\/akustica.com.mx\/wp-content\/uploads\/2015\/05\/prod51.jpg\" alt=\"\" \/><\/div><\/li><li><div style=\"height: 350px; width:467px;\"><img decoding=\"async\" src=\"https:\/\/akustica.com.mx\/wp-content\/uploads\/2015\/05\/prod61.jpg\" alt=\"\" \/><\/div><\/li><li><div style=\"height: 350px; width:467px;\"><img decoding=\"async\" src=\"https:\/\/akustica.com.mx\/wp-content\/uploads\/2015\/05\/prod7.jpg\" alt=\"\" \/><\/div><\/li><\/ul><\/div><div class=\"controls\"><a class=\"prev-slide\" href=\"#\"><span><i class=\"fa fa-angle-left\"><\/i><\/span><\/a><a class=\"next-slide\" href=\"#\"><span><i class=\"fa fa-angle-right\"><\/i><\/span><\/a><\/div><\/div><div class=\"vc_empty_space\"  style=\"height: 50px\" ><span class=\"vc_empty_space_inner\"><\/span><\/div>\n\n\n\t\t<\/div> \n\t<\/div> \n<\/div><\/div><div    class=\"vc_row wpb_row section vc_row-fluid\" style=' text-align:left;'><div class=\" full_section_inner clearfix\">\n\t<div class=\"vc_col-sm-12 wpb_column vc_column_container \">\n\t\t<div class=\"wpb_wrapper\">\n\t\t\t<div class=\"vc_empty_space\"  style=\"height: 50px\" ><span class=\"vc_empty_space_inner\"><\/span><\/div>\n\n\n\t\t<\/div> \n\t<\/div> \n<\/div><\/div><div  data-q_id=\"#filmaciones\"   class=\"vc_row wpb_row section vc_row-fluid grid_section\" style=' text-align:left;'><div class=\" section_inner clearfix\"><div class='section_inner_margin clearfix'>\n\t<div class=\"vc_col-sm-12 wpb_column vc_column_container \">\n\t\t<div class=\"wpb_wrapper\">\n\t\t\t\n\t<div class=\"wpb_single_image wpb_content_element vc_align_left\">\n\t\t<div>\n\t\t<div class=\"wpb_wrapper\">\n\t\t\t\n\t\t\t<div class=\"vc_single_image-wrapper   vc_box_border_grey\"><img loading=\"lazy\" decoding=\"async\" width=\"1100\" height=\"652\" src=\"https:\/\/akustica.com.mx\/wp-content\/uploads\/2015\/05\/filmaciones-aereas.jpg\" class=\"vc_single_image-img attachment-full\" alt=\"\" srcset=\"https:\/\/akustica.com.mx\/wp-content\/uploads\/2015\/05\/filmaciones-aereas.jpg 1100w, https:\/\/akustica.com.mx\/wp-content\/uploads\/2015\/05\/filmaciones-aereas-300x178.jpg 300w, https:\/\/akustica.com.mx\/wp-content\/uploads\/2015\/05\/filmaciones-aereas-1024x607.jpg 1024w, https:\/\/akustica.com.mx\/wp-content\/uploads\/2015\/05\/filmaciones-aereas-700x415.jpg 700w\" sizes=\"(max-width: 1100px) 100vw, 1100px\" \/><\/div>\n\t\t<\/div> \n\t\t<\/div>\n\t<\/div> <div class=\"vc_empty_space\"  style=\"height: 50px\" ><span class=\"vc_empty_space_inner\"><\/span><\/div>\n\n\n\t\t<\/div> \n\t<\/div> \n<\/div><\/div><\/div><div    class=\"vc_row wpb_row section vc_row-fluid grid_section\" style=' text-align:left;'><div class=\" section_inner clearfix\"><div class='section_inner_margin clearfix'>\n\t<div class=\"vc_col-sm-12 wpb_column vc_column_container \">\n\t\t<div class=\"wpb_wrapper\">\n\t\t\t\n\t<div class=\"wpb_video_widget wpb_content_element\">\n\t\t<div class=\"wpb_wrapper\"><div class=\"wpb_video_wrapper\"><iframe loading=\"lazy\" width=\"1060\" height=\"596\" src=\"https:\/\/www.youtube.com\/embed\/YGx1m5TWaJk?feature=oembed\" frameborder=\"0\" allow=\"autoplay; encrypted-media\" allowfullscreen><\/iframe><\/div>\n\t\t<\/div> \n\t<\/div> <div class=\"vc_empty_space\"  style=\"height: 50px\" ><span class=\"vc_empty_space_inner\"><\/span><\/div>\n\n\n\t\t<\/div> \n\t<\/div> \n<\/div><\/div><\/div><div    class=\"vc_row wpb_row section vc_row-fluid\" style=' text-align:left;'><div class=\" full_section_inner clearfix\">\n\t<div class=\"vc_col-sm-12 wpb_column vc_column_container \">\n\t\t<div class=\"wpb_wrapper\">\n\t\t\t<div class=\"call_to_action normal\" style=\"background-color: #000099;padding-top: 45px;padding-bottom: 45px;\"><div class=\"container_inner\"><div class=\"two_columns_75_25 clearfix\"><div class=\"text_wrapper column1\"><div class=\"call_to_action_text\" style=\"font-size:24px;font-weight: 400;\"><span style=\"color: #ffffff;\"><span class=\"st\">\u00bf<\/span>Listo para iniciar tu proyecto?<br \/>\n<\/span><\/div><\/div><div class=\"button_wrapper column2\"><a href=\"http:\/\/akustica.com.mx\/index.php\/contacto\/\" class=\"qbutton white \" target=\"\" style=\"color: #ffffff;border-color: #ffffff;background-color: #000099;\"data-hover-background-color=#3aabe6 data-hover-border-color=#3aabe6 data-hover-color=#ffffff>solicitar cotizaci\u00f3n<\/a><\/div><\/div><\/div><\/div>\n\t\t<\/div> \n\t<\/div> \n<\/div><\/div><div    class=\"vc_row wpb_row section vc_row-fluid\" style=' text-align:left;'><div class=\" full_section_inner clearfix\">\n\t<div class=\"vc_col-sm-12 wpb_column vc_column_container \">\n\t\t<div class=\"wpb_wrapper\">\n\t\t\t\n\t<div class=\"wpb_single_image wpb_content_element vc_custom_1431566867388 vc_align_center  element_from_left\">\n\t\t<div>\n\t\t<div class=\"wpb_wrapper\">\n\t\t\t\n\t\t\t<div class=\"vc_single_image-wrapper   vc_box_border_grey\"><img loading=\"lazy\" decoding=\"async\" class=\"vc_single_image-img \" src=\"https:\/\/akustica.com.mx\/wp-content\/uploads\/2015\/05\/akeventos.png\" width=\"600\" height=\"152\" alt=\"akeventos\" title=\"akeventos\" \/><\/div>\n\t\t<\/div> \n\t\t<\/div>\n\t<\/div> \n\t\t<\/div> \n\t<\/div> \n<\/div><\/div><div    class=\"vc_row wpb_row section vc_row-fluid\" style=' text-align:left;'><div class=\" full_section_inner clearfix\">\n\t<div class=\"vc_col-sm-12 wpb_column vc_column_container \">\n\t\t<div class=\"wpb_wrapper\">\n\t\t\t\n\t\t<\/div> \n\t<\/div> \n<\/div><\/div><div    class=\"vc_row wpb_row section vc_row-fluid\" style=' text-align:left;'><div class=\" full_section_inner clearfix\">\n\t<div class=\"vc_col-sm-12 wpb_column vc_column_container \">\n\t\t<div class=\"wpb_wrapper\">\n\t\t\t\n\t\t<\/div> \n\t<\/div> \n<\/div><\/div><div    class=\"vc_row wpb_row section vc_row-fluid\" style=' text-align:left;'><div class=\" full_section_inner clearfix\">\n\t<div class=\"vc_col-sm-12 wpb_column vc_column_container \">\n\t\t<div class=\"wpb_wrapper\">\n\t\t\t\n\t<div class=\"wpb_text_column wpb_content_element \">\n\t\t<div class=\"wpb_wrapper\">\n\t\t\t\n\t\t<\/div> \n\t<\/div> \n\t\t<\/div> \n\t<\/div> \n<\/div><\/div>\n","protected":false},"excerpt":{"rendered":"En Akustica Eventos\u00a0los eventos sociales y empresariales son nuestra especialidad. Deja que pongamos a tu disposici\u00f3n nuestros servicios profesionales de renta de audio, video e iluminaci\u00f3n y comprueba por que nuestros clientes de Canc\u00fan y la Riviera Maya nos prefieren. somos vanguardiaContamos con las mejores...","protected":false},"author":1,"featured_media":0,"parent":0,"menu_order":0,"comment_status":"open","ping_status":"open","template":"full_width.php","meta":{"footnotes":""},"_links":{"self":[{"href":"https:\/\/akustica.com.mx\/index.php\/wp-json\/wp\/v2\/pages\/16103"}],"collection":[{"href":"https:\/\/akustica.com.mx\/index.php\/wp-json\/wp\/v2\/pages"}],"about":[{"href":"https:\/\/akustica.com.mx\/index.php\/wp-json\/wp\/v2\/types\/page"}],"author":[{"embeddable":true,"href":"https:\/\/akustica.com.mx\/index.php\/wp-json\/wp\/v2\/users\/1"}],"replies":[{"embeddable":true,"href":"https:\/\/akustica.com.mx\/index.php\/wp-json\/wp\/v2\/comments?post=16103"}],"version-history":[{"count":132,"href":"https:\/\/akustica.com.mx\/index.php\/wp-json\/wp\/v2\/pages\/16103\/revisions"}],"predecessor-version":[{"id":16779,"href":"https:\/\/akustica.com.mx\/index.php\/wp-json\/wp\/v2\/pages\/16103\/revisions\/16779"}],"wp:attachment":[{"href":"https:\/\/akustica.com.mx\/index.php\/wp-json\/wp\/v2\/media?parent=16103"}],"curies":[{"name":"wp","href":"https:\/\/api.w.org\/{rel}","templated":true}]}}